{"id":235,"date":"2023-10-09T16:19:34","date_gmt":"2023-10-09T16:19:34","guid":{"rendered":"https:\/\/ms-bauelemente-trier.de\/?page_id=235"},"modified":"2023-10-09T17:00:43","modified_gmt":"2023-10-09T17:00:43","slug":"carports","status":"publish","type":"page","link":"https:\/\/ms-bauelemente-trier.de\/?page_id=235","title":{"rendered":"Carports"},"content":{"rendered":"<div class=\"\" style=\"\" >\n  \n    \n    <section class=\"u-clearfix u-section-2\" id=\"sec-85d0\">\n      <div class=\"u-clearfix u-sheet u-valign-bottom-sm u-valign-middle-xs u-sheet-1\">\n        <div class=\"u-container-style u-expanded-width u-group u-image u-image-1\" data-image-width=\"1600\" data-image-height=\"1200\" data-animation-name=\"customAnimationIn\" data-animation-duration=\"2000\" style=\"background-image: url(&quot;https:\/\/ms-bauelemente-trier.de\/wp-content\/uploads\/2023\/10\/20210623-IMG-20210621-WA0006-Edit.jpg&quot;);\">\n          <div class=\"u-container-layout u-valign-bottom-lg u-valign-bottom-xl u-container-layout-1\">\n            <div class=\"u-container-style u-grey-90 u-group u-opacity u-opacity-65 u-group-2\">\n              <div class=\"u-container-layout u-valign-middle-lg u-valign-middle-md u-valign-middle-sm u-valign-middle-xl u-container-layout-2\">\n                <h1 class=\"u-align-center u-text u-text-default u-text-font u-text-white u-text-1\">Carports<\/h1>\n                <p class=\"u-align-center-lg u-align-center-md u-align-center-sm u-align-center-xl u-align-left-xs u-text u-text-default u-text-2\">Eine g\u00fcnstige Alternative zur klassischen Garage<\/p>\n              <\/div>\n            <\/div>\n          <\/div>\n        <\/div>\n      <\/div>\n    <\/section>\n    <section class=\"u-clearfix u-section-3\" id=\"sec-b4ff\">\n      <div class=\"u-clearfix u-sheet u-valign-middle u-sheet-1\">\n        <div class=\"data-layout-selected u-clearfix u-expanded-width u-gutter-10 u-layout-wrap u-layout-wrap-1\">\n          <div class=\"u-gutter-0 u-layout\">\n            <div class=\"u-layout-col\">\n              <div class=\"u-size-30\">\n                <div class=\"u-layout-col\">\n                  <div class=\"u-container-style u-layout-cell u-size-60 u-layout-cell-1\" data-animation-name=\"customAnimationIn\" data-animation-duration=\"2000\">\n                    <div class=\"u-container-layout u-container-layout-1\">\n                      <h4 class=\"u-align-left u-text u-text-font u-text-1\">Wetterschutz f\u00fcr Ihr Auto<\/h4>\n                      <div class=\"u-align-left u-border-3 u-border-palette-1-base u-line u-line-horizontal u-line-1\"><\/div>\n                      <p class=\"u-align-left u-text u-text-2\">Ein Carport sch\u00fctzt Ihr Fahrzeug effektiv vor \u00e4u\u00dferen\nWettereinfl\u00fcssen. Regen, Hagel, Frost und Schnee werden durch\ndas Carport ferngehalten. Bei Sonneneinstrahlung verhindert <br>es, dass Ihr Fahrzeug sich aufheizt und sch\u00fctzt den Lack vor der\nUV-Strahlung.&nbsp;<br>\n                        <br>Zus\u00e4tzlich zu dem klassischen Pultdach-Carport erfreut sich seit\nkurzer Zeit eine weitere Variante immer gr\u00f6\u00dferer Beliebtheit:\nDas Flachdachcarport.&nbsp;<br>\n                        <br>Das Flachdach unterscheidet sich durch seine optisch nicht\nvorhandene Neigung und die Attika rund um das Dach\nherum von einem herk\u00f6mmlichen Pultdach. Technisch ist\ndas Flachdach jedoch um 2% geneigt, um einen optimalen\nAblauf des Regenwassers zu gew\u00e4hrleisten. Diese Neigung\nwird, wie auch die Regenrinne, durch die Attika unsichtbar. \n                      <\/p>\n                    <\/div>\n                  <\/div>\n                <\/div>\n              <\/div>\n              <div class=\"u-size-30\">\n                <div class=\"u-layout-row\">\n                  <div class=\"u-container-style u-image u-layout-cell u-size-30 u-image-1\" data-image-width=\"1200\" data-image-height=\"800\" data-animation-name=\"customAnimationIn\" data-animation-duration=\"2000\" style=\"background-image: url(&quot;https:\/\/ms-bauelemente-trier.de\/wp-content\/uploads\/2023\/10\/Flachdachcarport.jpg&quot;);\">\n                    <div class=\"u-container-layout u-valign-bottom u-container-layout-2\">\n                      <div class=\"u-black u-container-style u-group u-opacity u-opacity-65 u-group-1\">\n                        <div class=\"u-container-layout u-valign-middle u-container-layout-3\">\n                          <p class=\"u-text u-text-default u-text-white u-text-3\">Flachdach<\/p>\n                        <\/div>\n                      <\/div>\n                    <\/div>\n                  <\/div>\n                  <div class=\"u-container-style u-image u-layout-cell u-size-30 u-image-2\" data-image-width=\"2500\" data-image-height=\"1667\" data-animation-name=\"customAnimationIn\" data-animation-duration=\"2000\" style=\"background-image: url(&quot;https:\/\/ms-bauelemente-trier.de\/wp-content\/uploads\/2023\/10\/Pultdachcarport-1.jpg&quot;);\">\n                    <div class=\"u-container-layout u-valign-bottom u-container-layout-4\">\n                      <div class=\"u-black u-container-style u-group u-opacity u-opacity-65 u-group-2\">\n                        <div class=\"u-container-layout u-valign-middle\">\n                          <p class=\"u-align-left u-text u-text-white u-text-4\">Pultdach<\/p>\n                        <\/div>\n                      <\/div>\n                    <\/div>\n                  <\/div>\n                <\/div>\n              <\/div>\n            <\/div>\n          <\/div>\n        <\/div>\n      <\/div>\n    <\/section>\n    <section class=\"u-clearfix u-section-4\" id=\"carousel_29e1\">\n      <div class=\"u-clearfix u-sheet u-valign-middle u-sheet-1\">\n        <div class=\"data-layout-selected u-clearfix u-expanded-width u-gutter-10 u-layout-wrap u-layout-wrap-1\">\n          <div class=\"u-gutter-0 u-layout\">\n            <div class=\"u-layout-col\">\n              <div class=\"u-size-30\">\n                <div class=\"u-layout-row\">\n                  <div class=\"u-container-align-left u-container-style u-grey-10 u-layout-cell u-size-30 u-layout-cell-1\" data-animation-name=\"customAnimationIn\" data-animation-duration=\"2000\">\n                    <div class=\"u-container-layout u-container-layout-1\">\n                      <h4 class=\"u-align-left u-text u-text-black u-text-font u-text-1\">Flach- oder Pultdachcarport<\/h4>\n                      <div class=\"u-align-left u-border-3 u-border-palette-1-base u-line u-line-horizontal u-line-1\"><\/div>\n                      <p class=\"u-align-left u-text u-text-custom-color-1 u-text-2\">\n                        <span style=\"font-weight: 700; font-size: 1.25rem;\">Extrem witterungsbest\u00e4ndig<\/span>\n                        <br>\n                        <br> Das Grundger\u00fcst und die Eindeckung unseres Flachdach\nCarports besteht zu 100% aus Aluminium. So ist es\nextrem witterungsbest\u00e4ndig und langlebig. Durch eine\nprofessionelle Pulverbeschichtung werden die Profile vor\nKratzern und St\u00f6\u00dfen gesch\u00fctzt. Diese Beschichtung l\u00e4sst\nsich besonders leicht reinigen und bl\u00e4ttert auch nach\nvielen Jahren nicht ab. \n                      <\/p>\n                    <\/div>\n                  <\/div>\n                  <div class=\"u-container-style u-grey-25 u-layout-cell u-size-30 u-layout-cell-2\" data-animation-name=\"customAnimationIn\" data-animation-duration=\"2000\">\n                    <div class=\"u-container-layout u-valign-bottom u-container-layout-2\">\n                      <h4 class=\"u-align-left u-text u-text-black u-text-font u-text-3\">Die Vorteile eines Carports<\/h4>\n                      <div class=\"u-align-left u-border-3 u-border-palette-1-base u-line u-line-horizontal u-line-2\"><\/div>\n                      <ul class=\"u-align-left u-text u-text-custom-color-1 u-text-4\">\n                        <li> Deutlich geringerer Pflegeaufwand f\u00fcr das Fahrzeug&nbsp;<\/li>\n                        <li> Zuverl\u00e4ssiger Schutz vor Wind und Wetter&nbsp; <\/li>\n                        <li> Im Winter nie wieder Kratzen!&nbsp; <\/li>\n                        <li> Dachbegr\u00fcnung m\u00f6glich&nbsp; <\/li>\n                        <li> Integrierte Dachentw\u00e4sserung&nbsp; <\/li>\n                        <li> Extrem witterungsbest\u00e4ndig durch die Materialeigenschaften von Aluminium&nbsp; <\/li>\n                        <li> Geringe Pflege dank hochwertiger Pulverbeschichtung <\/li>\n                        <li> Solarzellen auf dem Dach m\u00f6glich&nbsp; <\/li>\n                        <li> Patentiertes und selbstentwickeltes Profilsystem&nbsp; <\/li>\n                        <li> Antikondensvlies verhindert Tropfen auf dem Auto <\/li>\n                      <\/ul>\n                    <\/div>\n                  <\/div>\n                <\/div>\n              <\/div>\n              <div class=\"u-size-30\">\n                <div class=\"u-layout-col\">\n                  <div class=\"u-container-align-center u-container-style u-image u-layout-cell u-size-60 u-image-1\" data-image-width=\"2500\" data-image-height=\"1667\" data-animation-name=\"customAnimationIn\" data-animation-duration=\"2000\" style=\"background-image: url(&quot;https:\/\/ms-bauelemente-trier.de\/wp-content\/uploads\/2023\/10\/Flachdachcarport4.jpg&quot;);\">\n                    <div class=\"u-container-layout u-container-layout-3\"><\/div>\n                  <\/div>\n                <\/div>\n              <\/div>\n            <\/div>\n          <\/div>\n        <\/div>\n      <\/div>\n    <\/section>\n    <section class=\"u-clearfix u-section-5\" id=\"sec-d177\" data-image-width=\"1350\" data-image-height=\"879\">\n      <div class=\"u-clearfix u-sheet u-valign-middle u-sheet-1\">\n        <div class=\"data-layout-selected u-clearfix u-expanded-width u-gutter-16 u-layout-wrap u-layout-wrap-1\">\n          <div class=\"u-gutter-0 u-layout\">\n            <div class=\"u-layout-col\">\n              <div class=\"u-size-20\">\n                <div class=\"u-layout-row\">\n                  <div class=\"u-container-style u-grey-10 u-layout-cell u-size-60 u-layout-cell-1\" data-animation-name=\"customAnimationIn\" data-animation-duration=\"2000\">\n                    <div class=\"u-container-layout u-container-layout-1\">\n                      <h4 class=\"u-align-center u-text u-text-font u-text-1\">Viele Ausstattungsm\u00f6glichkeiten<\/h4>\n                      <div class=\"u-align-center u-border-3 u-border-palette-1-base u-line u-line-horizontal u-line-1\"><\/div>\n                    <\/div>\n                  <\/div>\n                <\/div>\n              <\/div>\n              <div class=\"u-size-20\">\n                <div class=\"u-layout-row\">\n                  <div class=\"u-container-align-left u-container-style u-layout-cell u-shape-rectangle u-size-30 u-layout-cell-2\" data-animation-name=\"customAnimationIn\" data-animation-duration=\"2000\" data-animation-delay=\"500\">\n                    <div class=\"u-container-layout u-valign-top u-container-layout-2\">\n                      <p class=\"u-align-left u-text u-text-black u-text-default u-text-2\">Ger\u00e4teraum<\/p>\n                      <div class=\"u-align-left-lg u-align-left-xl u-border-3 u-border-palette-1-base u-line u-line-horizontal u-line-2\"><\/div>\n                      <ul class=\"u-align-left-lg u-align-left-xl u-text u-text-3\">\n                        <li> Stauraum schaffen <\/li>\n                        <li> W\u00e4nde k\u00f6nnen mit Regalen, Haken und weiteren\nWandsystemen erweitert werden&nbsp; <\/li>\n                        <li> Robuste Stahlt\u00fcren mit Zylinderschloss sorgen f\u00fcr eine hohe Sicherheit <\/li>\n                      <\/ul>\n                    <\/div>\n                  <\/div>\n                  <div class=\"u-container-align-left u-container-style u-layout-cell u-shape-rectangle u-size-30 u-layout-cell-3\" data-animation-name=\"customAnimationIn\" data-animation-duration=\"2000\" data-animation-delay=\"500\">\n                    <div class=\"u-container-layout u-valign-top u-container-layout-3\">\n                      <p class=\"u-align-left u-text u-text-black u-text-default u-text-4\">Sichtschutzw\u00e4nde<\/p>\n                      <div class=\"u-align-left u-border-3 u-border-palette-1-base u-line u-line-horizontal u-line-3\"><\/div>\n                      <ul class=\"u-align-left u-text u-text-5\">\n                        <li> Neugierige Blicke fernhalten, Privatsph\u00e4re sch\u00fctzen\nund einfach wohlf\u00fchlen&nbsp; <\/li>\n                        <li> Schutz vor Wind, Regen und Hagel&nbsp; <\/li>\n                        <li> Auswahl aus Polycarbonat, Verbundsicherheitsglas,\nAluminiumpaneelen, sowohl in Anlagenfarbe als auch in\nHolzoptik und sibirischer L\u00e4rche <\/li>\n                      <\/ul>\n                    <\/div>\n                  <\/div>\n                <\/div>\n              <\/div>\n              <div class=\"u-size-20\">\n                <div class=\"u-layout-row\">\n                  <div class=\"u-container-style u-grey-10 u-layout-cell u-size-20 u-layout-cell-4\" data-animation-name=\"customAnimationIn\" data-animation-duration=\"2000\" data-animation-delay=\"500\">\n                    <div class=\"u-container-layout u-container-layout-4\">\n                      <p class=\"u-align-left u-text u-text-black u-text-default u-text-6\">Garagentor<\/p>\n                      <div class=\"u-align-left u-border-3 u-border-palette-1-base u-line u-line-horizontal u-line-4\"><\/div>\n                      <ul class=\"u-align-left u-text u-text-7\">\n                        <li> Platzsparend - das Rolltor\nwickelt sich komplett in seinem\nPanzer auf&nbsp; <\/li>\n                        <li> Garagenausbau durch Paneele,\nGlas- oder Polycarbonatw\u00e4nde\nm\u00f6glich <\/li>\n                      <\/ul>\n                    <\/div>\n                  <\/div>\n                  <div class=\"u-container-style u-grey-10 u-layout-cell u-size-20 u-layout-cell-5\" data-animation-name=\"customAnimationIn\" data-animation-duration=\"2000\" data-animation-delay=\"500\">\n                    <div class=\"u-container-layout u-container-layout-5\">\n                      <p class=\"u-align-left u-text u-text-black u-text-default u-text-8\">Gel\u00e4nder<\/p>\n                      <div class=\"u-align-left u-border-3 u-border-palette-1-base u-line u-line-horizontal u-line-5\"><\/div>\n                      <ul class=\"u-align-left u-text u-text-9\">\n                        <li> nahtloser \u00dcbergang zwischen\nCarport und Gel\u00e4nder&nbsp; <\/li>\n                        <li> stabil durch Mehrpunktfixierung <\/li>\n                      <\/ul>\n                    <\/div>\n                  <\/div>\n                  <div class=\"u-container-style u-grey-10 u-layout-cell u-size-20 u-layout-cell-6\" data-animation-name=\"customAnimationIn\" data-animation-duration=\"2000\" data-animation-delay=\"500\">\n                    <div class=\"u-container-layout u-valign-top u-container-layout-6\">\n                      <p class=\"u-align-left u-text u-text-black u-text-default u-text-10\">LED-Beleuchtung<\/p>\n                      <div class=\"u-border-3 u-border-palette-1-base u-line u-line-horizontal u-line-6\"><\/div>\n                      <ul class=\"u-align-left u-text u-text-11\">\n                        <li> 6 LED-Spots, die komplett in das\nCarport integriert werden&nbsp; <\/li>\n                        <li> Beleuchtung kann an bereits\nvorhandene Au\u00dfenbeleuchtung,\nSchalter, Bewegungsmelder oder Zeitschalter angeschlossen werden <\/li>\n                      <\/ul>\n                    <\/div>\n                  <\/div>\n                <\/div>\n              <\/div>\n            <\/div>\n          <\/div>\n        <\/div>\n      <\/div>\n    <\/section>\n    <section class=\"u-clearfix u-section-6\" id=\"carousel_4f9d\" data-image-width=\"1350\" data-image-height=\"879\">\n      <div class=\"u-clearfix u-sheet u-valign-middle u-sheet-1\">\n        <div class=\"u-container-style u-expanded-width u-group u-image u-image-1\" data-image-width=\"2560\" data-image-height=\"1707\" data-animation-name=\"customAnimationIn\" data-animation-duration=\"2000\" style=\"background-image: url(&quot;https:\/\/ms-bauelemente-trier.de\/wp-content\/uploads\/2023\/10\/Flachdachcarport3.jpg&quot;);\">\n          <div class=\"u-container-layout u-valign-bottom u-container-layout-1\">\n            <div class=\"infinite u-container-style u-custom-color-1 u-group u-opacity u-opacity-50 u-shape-rectangle u-group-2\" data-animation-name=\"pulse\" data-animation-duration=\"2000\" data-animation-direction=\"\">\n              <div class=\"u-container-layout u-valign-middle-lg u-valign-middle-md u-valign-middle-sm u-valign-middle-xl u-container-layout-2\">\n                <h3 class=\"u-align-left u-text u-text-default-lg u-text-default-md u-text-default-sm u-text-default-xl u-text-white u-text-1\">SETZEN SIE IHR CARPORT IN SZENE<\/h3>\n                <p class=\"u-align-right u-text u-text-default u-text-white u-text-2\">\n                  <a class=\"u-active-none u-border-none u-btn u-button-link u-button-style u-hover-none u-none u-text-hover-palette-3-light-1 u-text-white u-btn-1\" href=\"https:\/\/ms-bauelemente-trier.de\/?page_id=238\">ZUM BERATUNGSGESPR\u00c4CH&nbsp;&nbsp;<span class=\"u-file-icon u-icon u-text-white u-icon-1\"><img src=\"https:\/\/ms-bauelemente-trier.de\/wp-content\/uploads\/2023\/10\/65a84705.png\" alt=\"\"><\/span>&nbsp; \n                  <\/a>\n                <\/p>\n              <\/div>\n            <\/div>\n          <\/div>\n        <\/div>\n      <\/div>\n    <\/section>\n    <section class=\"u-clearfix u-container-align-center u-image u-section-7\" id=\"sec-77ca\" data-image-width=\"2473\" data-image-height=\"74\" style=\"background-image: url(&quot;https:\/\/ms-bauelemente-trier.de\/wp-content\/uploads\/2023\/10\/MSBauelementeStreifen.png&quot;);\">\n      <div class=\"u-clearfix u-sheet u-sheet-1\"><\/div>\n    <\/section>\n    \n    \n    \n    \n  \n<\/div>","protected":false},"excerpt":{"rendered":"<p>Carports Eine g\u00fcnstige Alternative zur klassischen Garage Wetterschutz f\u00fcr Ihr Auto Ein Carport sch\u00fctzt Ihr Fahrzeug effektiv vor \u00e4u\u00dferen Wettereinfl\u00fcssen. Regen, Hagel, Frost und Schnee werden durch das Carport ferngehalten. Bei Sonneneinstrahlung verhindert es, dass Ihr Fahrzeug sich aufheizt und sch\u00fctzt den Lack vor der UV-Strahlung.&nbsp; Zus\u00e4tzlich zu dem klassischen Pultdach-Carport erfreut sich seit kurzer&hellip; <a class=\"more-link\" href=\"https:\/\/ms-bauelemente-trier.de\/?page_id=235\"><span class=\"screen-reader-text\">Carports<\/span> weiterlesen<\/a><\/p>\n","protected":false},"author":1,"featured_media":0,"parent":0,"menu_order":2,"comment_status":"closed","ping_status":"closed","template":"","meta":{"footnotes":""},"_links":{"self":[{"href":"https:\/\/ms-bauelemente-trier.de\/index.php?rest_route=\/wp\/v2\/pages\/235"}],"collection":[{"href":"https:\/\/ms-bauelemente-trier.de\/index.php?rest_route=\/wp\/v2\/pages"}],"about":[{"href":"https:\/\/ms-bauelemente-trier.de\/index.php?rest_route=\/wp\/v2\/types\/page"}],"author":[{"embeddable":true,"href":"https:\/\/ms-bauelemente-trier.de\/index.php?rest_route=\/wp\/v2\/users\/1"}],"replies":[{"embeddable":true,"href":"https:\/\/ms-bauelemente-trier.de\/index.php?rest_route=%2Fwp%2Fv2%2Fcomments&post=235"}],"version-history":[{"count":2,"href":"https:\/\/ms-bauelemente-trier.de\/index.php?rest_route=\/wp\/v2\/pages\/235\/revisions"}],"predecessor-version":[{"id":399,"href":"https:\/\/ms-bauelemente-trier.de\/index.php?rest_route=\/wp\/v2\/pages\/235\/revisions\/399"}],"wp:attachment":[{"href":"https:\/\/ms-bauelemente-trier.de\/index.php?rest_route=%2Fwp%2Fv2%2Fmedia&parent=235"}],"curies":[{"name":"wp","href":"https:\/\/api.w.org\/{rel}","templated":true}]}}