{"id":240,"date":"2023-10-09T16:19:39","date_gmt":"2023-10-09T16:19:39","guid":{"rendered":"https:\/\/ms-bauelemente-trier.de\/?page_id=240"},"modified":"2025-05-05T13:12:28","modified_gmt":"2025-05-05T13:12:28","slug":"fliegengitter-2","status":"publish","type":"page","link":"https:\/\/ms-bauelemente-trier.de\/?page_id=240","title":{"rendered":"Fliegengitter"},"content":{"rendered":"<div class=\"\" style=\"\" >\n  \n    \n    <section class=\"u-clearfix u-section-2\" id=\"sec-b73b\">\n      <div class=\"u-clearfix u-sheet u-valign-middle-lg u-valign-middle-sm u-valign-middle-xl u-valign-middle-xs u-sheet-1\">\n        <div class=\"u-container-style u-expanded-width u-group u-image u-image-1\" data-image-width=\"3937\" data-image-height=\"2624\" data-animation-name=\"customAnimationIn\" data-animation-duration=\"2000\" style=\"background-image: url(&quot;https:\/\/ms-bauelemente-trier.de\/wp-content\/uploads\/2023\/10\/Fliegengitter.jpg&quot;);\">\n          <div class=\"u-container-layout u-valign-bottom u-container-layout-1\">\n            <div class=\"u-container-style u-grey-90 u-group u-opacity u-opacity-65 u-group-2\">\n              <div class=\"u-container-layout u-valign-middle-lg u-valign-middle-md u-valign-middle-sm u-valign-middle-xl u-container-layout-2\">\n                <h1 class=\"u-align-center u-text u-text-default u-text-font u-text-white u-text-1\">Fliegengitter<\/h1>\n                <p class=\"u-align-center-lg u-align-center-md u-align-center-sm u-align-center-xl u-align-left-xs u-text u-text-default u-text-white u-text-2\">Schutz f\u00fcr insektenfreie Zimmer<\/p>\n              <\/div>\n            <\/div>\n          <\/div>\n        <\/div>\n      <\/div>\n    <\/section>\n    <section class=\"u-clearfix u-section-3\" id=\"sec-5bdc\">\n      <div class=\"u-clearfix u-sheet u-valign-middle-lg u-valign-middle-md u-sheet-1\">\n        <div class=\"data-layout-selected u-clearfix u-expanded-width-lg u-expanded-width-md u-expanded-width-sm u-expanded-width-xs u-layout-wrap u-layout-wrap-1\">\n          <div class=\"u-layout\">\n            <div class=\"u-layout-row\">\n              <div class=\"u-container-align-center u-container-style u-image u-layout-cell u-size-23 u-image-1\" data-image-width=\"1971\" data-image-height=\"2817\" data-animation-name=\"customAnimationIn\" data-animation-duration=\"2000\" style=\"background-image: url(&quot;https:\/\/ms-bauelemente-trier.de\/wp-content\/uploads\/2023\/10\/Fliegebgitter.png&quot;);\">\n                <div class=\"u-container-layout u-container-layout-1\"><\/div>\n              <\/div>\n              <div class=\"u-container-style u-layout-cell u-size-37 u-layout-cell-2\" data-animation-name=\"customAnimationIn\" data-animation-duration=\"2000\">\n                <div class=\"u-container-layout u-valign-top u-container-layout-2\">\n                  <h3 class=\"u-text u-text-default u-text-1\">Fliegenschutzgitter erm\u00f6glichen Ihnen unbeschwerte Sommerabende<\/h3>\n                  <p class=\"u-text u-text-default u-text-2\"> Leider hat der Sommer nicht nur angenehme Seiten. Fliegen, Wespen, Stechm\u00fccken und andere Plagegeister k\u00f6nnen Ihnen die Freude am Wohnen tr\u00fcben.&nbsp;<br>Mit unseren millimetergenau angefertigten<b>&nbsp;Fliegengittern<\/b>&nbsp;f\u00fcr Ihre Fenster und T\u00fcren liefern wir das ideale Mittel gegen Insekten.<br>\n                    <br>Genie\u00dfen Sie erholsamen Schlaf ohne M\u00fcckenstiche und sorgen f\u00fcr angenehme Luftzirkulation im Schlafzimmer. Unsere&nbsp;<b>Fliegengitter<\/b>&nbsp;erm\u00f6glichen ungest\u00f6rten Genuss bei offener Terrassent\u00fcr, ganz ohne l\u00e4stige Wespen.<br>\n                    <br>Und wenn der Winter Einzug h\u00e4lt, k\u00f6nnen Sie unsere passgenauen Fliegengitter m\u00fchelos entfernen und einlagern.<br>\n                    <br>Entdecken Sie die Vorteile unserer&nbsp;<b>ma\u00dfgeschneiderten Fliegengitter<\/b>&nbsp;und erleben Sie unbeschwerte Sommermomente! \n                  <\/p>\n                <\/div>\n              <\/div>\n            <\/div>\n          <\/div>\n        <\/div>\n      <\/div>\n    <\/section>\n    <section class=\"u-clearfix u-section-4\" id=\"sec-3c42\">\n      <div class=\"u-clearfix u-sheet u-valign-middle u-sheet-1\">\n        <div class=\"data-layout-selected u-clearfix u-expanded-width u-layout-wrap u-layout-wrap-1\">\n          <div class=\"u-layout\">\n            <div class=\"u-layout-col\">\n              <div class=\"u-size-30\">\n                <div class=\"u-layout-col\">\n                  <div class=\"u-container-align-left-xl u-container-style u-layout-cell u-size-60 u-layout-cell-1\">\n                    <div class=\"u-border-7 u-border-no-left u-border-no-right u-border-no-top u-border-palette-1-dark-1 u-container-layout u-valign-bottom-md u-container-layout-1\">\n                      <h3 class=\"u-align-left u-text u-text-default-xl u-text-1\">Schutz ohne giftige Chemie vor M\u00fccken, Bremsen, Fliegen und anderen kleinen Krabbeltiere<\/h3>\n                      <p class=\"u-align-left u-text u-text-2\"> In der Natur sind Insekten unverzichtbare Akteure, die das Gleichgewicht des \u00d6kosystems aufrechterhalten. Sie unterst\u00fctzen V\u00f6gel, Amphibien, Reptilien und S\u00e4ugetiere in der Nahrungskette und leisten durch die Best\u00e4ubung von Nutzpflanzen einen wesentlichen Beitrag zu unserer Ern\u00e4hrung. Doch trotz ihrer Bedeutung m\u00f6chten wir sie in unseren Wohnr\u00e4umen fernhalten.<\/p>\n                    <\/div>\n                  <\/div>\n                <\/div>\n              <\/div>\n              <div class=\"u-size-30\">\n                <div class=\"u-layout-row\">\n                  <div class=\"u-container-align-center u-container-style u-image u-image-contain u-layout-cell u-size-20 u-image-1\" data-image-width=\"1067\" data-image-height=\"1750\" data-animation-name=\"flipIn\" data-animation-duration=\"2000\" data-animation-direction=\"X\" style=\"background-image: url(&quot;https:\/\/ms-bauelemente-trier.de\/wp-content\/uploads\/2023\/10\/MS-FliegengitterGrafik_2.png&quot;);\">\n                    <div class=\"u-container-layout u-container-layout-2\"><\/div>\n                  <\/div>\n                  <div class=\"u-container-align-center u-container-style u-image u-image-contain u-layout-cell u-size-20 u-image-2\" data-image-width=\"1300\" data-image-height=\"1782\" data-animation-name=\"flipIn\" data-animation-duration=\"2000\" data-animation-direction=\"X\" data-animation-delay=\"500\" style=\"background-image: url(&quot;https:\/\/ms-bauelemente-trier.de\/wp-content\/uploads\/2023\/10\/MS-FliegengitterGrafik_1.png&quot;);\">\n                    <div class=\"u-border-7 u-border-no-bottom u-border-no-top u-border-palette-1-dark-1 u-container-layout u-container-layout-3\"><\/div>\n                  <\/div>\n                  <div class=\"u-container-align-center u-container-style u-image u-image-contain u-layout-cell u-size-20 u-image-3\" data-image-width=\"1523\" data-image-height=\"1819\" data-animation-name=\"flipIn\" data-animation-duration=\"2000\" data-animation-direction=\"X\" data-animation-delay=\"1000\" style=\"background-image: url(&quot;https:\/\/ms-bauelemente-trier.de\/wp-content\/uploads\/2023\/10\/MS-FliegengitterGrafik_3.png&quot;);\">\n                    <div class=\"u-container-layout u-container-layout-4\"><\/div>\n                  <\/div>\n                <\/div>\n              <\/div>\n            <\/div>\n          <\/div>\n        <\/div>\n      <\/div>\n    <\/section>\n    <section class=\"u-clearfix u-section-5\" id=\"sec-7570\">\n      <div class=\"u-clearfix u-sheet u-valign-middle u-sheet-1\">\n        <div class=\"u-border-7 u-border-no-left u-border-no-right u-border-palette-1-dark-1 u-container-style u-expanded-width u-group u-shape-rectangle u-group-1\">\n          <div class=\"u-container-layout u-valign-middle u-container-layout-1\">\n            <h3 class=\"u-align-left u-text u-text-default u-text-1\">Ob T\u00fcr oder Fenster - wir haben das richtige Fliegengitter f\u00fcr Sie<\/h3>\n            <p class=\"u-align-left u-text u-text-2\"> Wir beraten Sie unverbindlich und umfassend \u00fcber Vor- und Nachteile bestimmter Varianten von Fliegengittern.&nbsp;<br>Wir finden f\u00fcr Ihr Haus oder Ihre Wohnung die optimale L\u00f6sung.&nbsp;<br>\n              <br>Egal, ob&nbsp;<span style=\"font-weight: 700;\">Drehrahmen, Spannrahmen, Rollos<\/span>. Wir vermessen millimetergenau Ihre Fenster und T\u00fcren und bieten Ihnen die f\u00fcr Ihren Wohnraum das geeignete Fliegengitter an. Alles wird <span style=\"font-weight: 700;\">passgenau<\/span> von uns hergestellt und bei Ihnen montiert.<br>\n              <br>Auch f\u00fcr&nbsp;<span style=\"font-weight: 700;\">Dachfenster<\/span>&nbsp;haben wir L\u00f6sungen.<br>Wir verwenden ausschlie\u00dflich qualitativ hochwertige Materialien von namhaften Herstellern. \n            <\/p>\n          <\/div>\n        <\/div>\n      <\/div>\n    <\/section>\n    <section class=\"u-clearfix u-section-6\" id=\"sec-cc97\">\n      <div class=\"u-clearfix u-sheet u-valign-middle-sm u-valign-middle-xl u-valign-middle-xs u-sheet-1\">\n        <div class=\"u-container-style u-expanded-width u-group u-image u-image-1\" data-image-width=\"1199\" data-image-height=\"900\" data-animation-name=\"customAnimationIn\" data-animation-duration=\"2000\" style=\"background-image: url(&quot;https:\/\/ms-bauelemente-trier.de\/wp-content\/uploads\/2023\/10\/MS-Fliegengitter_41.jpg&quot;);\">\n          <div class=\"u-container-layout u-valign-top-xl u-container-layout-1\">\n            <div class=\"u-container-style u-group u-opacity u-opacity-85 u-palette-1-dark-1 u-shape-rectangle u-group-2\" data-animation-name=\"customAnimationIn\" data-animation-duration=\"2000\">\n              <div class=\"u-container-layout u-container-layout-2\">\n                <h3 class=\"u-align-left u-text u-text-white u-text-1\">Aufma\u00df und Angebotserstellung vor Ort<br>\n                <\/h3>\n                <p class=\"u-align-left u-text u-text-default u-text-white u-text-2\">Wir besprechen mit Ihnen Rahmen, Material, Gewebe, Farben und beraten Sie in allen Belangen. Alle notwendige Elemente werden ausgemessen und wir erstellen ein Angebot.<br>\n                  <br>Dieser Service ist f\u00fcr Sie unverbindlich und zun\u00e4chst kostenfrei, wenn Ihr Zuhause in unserem Einzugsgebiet liegt. (60 km rund um Trier). \n                <\/p>\n                <h3 class=\"u-align-left u-text u-text-white u-text-3\">Montageservice nach Auftragserteilung<br>\n                <\/h3>\n                <p class=\"u-align-left u-text u-text-default u-text-white u-text-4\"> Nach der Auftragserteilung fertigen wir alle notwendigen Elemente f\u00fcr Sie passgenau an. Nach etwa zwei bis drei Wochen werden sie bei Ihnen Zuhause sauber und zuverl\u00e4ssig von uns eingebaut.<\/p>\n                <h3 class=\"u-align-left u-text u-text-white u-text-5\"><span class=\"u-file-icon u-icon u-text-white u-icon-1\"><img src=\"https:\/\/ms-bauelemente-trier.de\/wp-content\/uploads\/2023\/10\/46d59642.png\" alt=\"\"><\/span> &nbsp; info@ms-bauelemente-trier.de \n                <\/h3>\n                <h3 class=\"u-align-left u-text u-text-white u-text-6\"><span class=\"u-file-icon u-icon u-text-white u-icon-2\"><img src=\"https:\/\/ms-bauelemente-trier.de\/wp-content\/uploads\/2023\/10\/13611ab5.png\" alt=\"\"><\/span>&nbsp; \u200b+49 (0) 1522 566 47 44<br>\n                <\/h3>\n                <p class=\"u-align-right u-text u-text-default u-text-white u-text-7\">\n                  <a class=\"u-active-none u-border-none u-btn u-button-link u-button-style u-hover-none u-none u-text-white u-btn-1\" href=\"mailto:info@ms-bauelemente-trier.de?subject=Anfrage%20Fliegengitter\">ZUR TERMINANFRAGE&nbsp;&nbsp;<span class=\"u-file-icon u-icon u-text-white u-icon-3\"><img src=\"https:\/\/ms-bauelemente-trier.de\/wp-content\/uploads\/2023\/10\/65a84705.png\" alt=\"\"><\/span>&nbsp; \n                  <\/a>\n                <\/p>\n              <\/div>\n            <\/div>\n          <\/div>\n        <\/div>\n      <\/div>\n    <\/section>\n    \n    \n    \n    \n  \n<\/div>","protected":false},"excerpt":{"rendered":"<p>Fliegengitter Schutz f\u00fcr insektenfreie Zimmer Fliegenschutzgitter erm\u00f6glichen Ihnen unbeschwerte Sommerabende Leider hat der Sommer nicht nur angenehme Seiten. Fliegen, Wespen, Stechm\u00fccken und andere Plagegeister k\u00f6nnen Ihnen die Freude am Wohnen tr\u00fcben.&nbsp;Mit unseren millimetergenau angefertigten&nbsp;Fliegengittern&nbsp;f\u00fcr Ihre Fenster und T\u00fcren liefern wir das ideale Mittel gegen Insekten. Genie\u00dfen Sie erholsamen Schlaf ohne M\u00fcckenstiche und sorgen f\u00fcr angenehme&hellip; <a class=\"more-link\" href=\"https:\/\/ms-bauelemente-trier.de\/?page_id=240\"><span class=\"screen-reader-text\">Fliegengitter<\/span> weiterlesen<\/a><\/p>\n","protected":false},"author":1,"featured_media":0,"parent":0,"menu_order":7,"comment_status":"closed","ping_status":"closed","template":"","meta":{"footnotes":""},"_links":{"self":[{"href":"https:\/\/ms-bauelemente-trier.de\/index.php?rest_route=\/wp\/v2\/pages\/240"}],"collection":[{"href":"https:\/\/ms-bauelemente-trier.de\/index.php?rest_route=\/wp\/v2\/pages"}],"about":[{"href":"https:\/\/ms-bauelemente-trier.de\/index.php?rest_route=\/wp\/v2\/types\/page"}],"author":[{"embeddable":true,"href":"https:\/\/ms-bauelemente-trier.de\/index.php?rest_route=\/wp\/v2\/users\/1"}],"replies":[{"embeddable":true,"href":"https:\/\/ms-bauelemente-trier.de\/index.php?rest_route=%2Fwp%2Fv2%2Fcomments&post=240"}],"version-history":[{"count":4,"href":"https:\/\/ms-bauelemente-trier.de\/index.php?rest_route=\/wp\/v2\/pages\/240\/revisions"}],"predecessor-version":[{"id":438,"href":"https:\/\/ms-bauelemente-trier.de\/index.php?rest_route=\/wp\/v2\/pages\/240\/revisions\/438"}],"wp:attachment":[{"href":"https:\/\/ms-bauelemente-trier.de\/index.php?rest_route=%2Fwp%2Fv2%2Fmedia&parent=240"}],"curies":[{"name":"wp","href":"https:\/\/api.w.org\/{rel}","templated":true}]}}