{"id":244,"date":"2023-10-09T16:19:43","date_gmt":"2023-10-09T16:19:43","guid":{"rendered":"https:\/\/ms-bauelemente-trier.de\/?page_id=244"},"modified":"2024-06-28T10:20:19","modified_gmt":"2024-06-28T10:20:19","slug":"pergulas","status":"publish","type":"page","link":"https:\/\/ms-bauelemente-trier.de\/?page_id=244","title":{"rendered":"Pergolas"},"content":{"rendered":"<div class=\"\" style=\"\" >\n  \n    \n    <section class=\"u-clearfix u-section-2\" id=\"sec-08f9\">\n      <div class=\"u-clearfix u-sheet u-valign-middle-sm u-valign-middle-xs u-sheet-1\">\n        <div class=\"u-container-style u-expanded-width u-group u-image u-image-1\" data-image-width=\"1300\" data-image-height=\"742\" data-animation-name=\"customAnimationIn\" data-animation-duration=\"2000\" style=\"background-image: url(&quot;https:\/\/ms-bauelemente-trier.de\/wp-content\/uploads\/2023\/10\/Terrassenueberdachung-4.jpg&quot;);\">\n          <div class=\"u-container-layout u-container-layout-1\">\n            <div class=\"u-container-align-left-xl u-container-style u-grey-90 u-group u-opacity u-opacity-65 u-group-2\">\n              <div class=\"u-container-layout u-valign-middle u-container-layout-2\">\n                <h1 class=\"u-align-left u-text u-text-font u-text-white u-text-1\">Lamellen- und Faltpergola<\/h1>\n                <p class=\"u-align-left u-text u-text-default u-text-white u-text-2\">Innovativ&nbsp; |&nbsp; Vielf\u00e4ltig&nbsp; |&nbsp; Individuell<\/p>\n              <\/div>\n            <\/div>\n          <\/div>\n        <\/div>\n      <\/div>\n    <\/section>\n    <section class=\"u-align-center u-clearfix u-section-3\" id=\"sec-ddaa\">\n      <div class=\"u-clearfix u-sheet u-valign-middle-lg u-valign-middle-md u-valign-middle-sm u-valign-middle-xl u-sheet-1\">\n        <div class=\"data-layout-selected u-clearfix u-expanded-width u-layout-wrap u-layout-wrap-1\" data-animation-name=\"customAnimationIn\" data-animation-duration=\"2000\">\n          <div class=\"u-layout\">\n            <div class=\"u-layout-col\">\n              <div class=\"u-size-60\">\n                <div class=\"u-layout-row\">\n                  <div class=\"u-container-align-left u-container-style u-layout-cell u-size-25-lg u-size-25-xl u-size-32-md u-size-32-sm u-size-32-xs u-layout-cell-1\">\n                    <div class=\"u-container-layout u-valign-top-md u-valign-top-sm u-valign-top-xs u-container-layout-1\">\n                      <p class=\"u-align-left u-text u-text-default u-text-1\"> Wenn es um die Frage geht, welche Art von&nbsp;Terrassen\u00fcberdachung&nbsp;die Fotogenste ist und die beste Vorlage f\u00fcr Bilder liefert, dann lautet die Antwort in den meisten F\u00e4llen&nbsp;Lamellenpergola.&nbsp;<br>\n                        <br>\n                        <span style=\"font-weight: 700;\">Wie steht es aber mit der Frage, ob sie neben ihrem eleganten Design auch eine gute Funktion bieten kann?<\/span>\n                        <br>Diese kann aufgrund der au\u00dfergew\u00f6hnlichen Funktionalit\u00e4t definitiv mit ja beantwortet werden.<br>Anders als bei einem klassischen&nbsp;Terrassendach&nbsp;l\u00e4sst sich das&nbsp;Dach einer&nbsp;Lamellenpergola&nbsp;im Sommer ganz nach Belieben \u00f6ffnen und schlie\u00dfen und spendet je nach Stellung der&nbsp;Lamellen&nbsp;unterschiedlich viel&nbsp;Schatten. Dadurch kann auf eine zus\u00e4tzliche Auf- oder&nbsp;Unterdachmarkise&nbsp;verzichtet werden. Im Falle von&nbsp;Regen&nbsp;m\u00fcssen die&nbsp;Lamellen&nbsp;g\u00e4nzlich geschlossen werden, um zu verhindern, dass der Bereich darunter durchn\u00e4sst wird.&nbsp; \n                      <\/p>\n                    <\/div>\n                  <\/div>\n                  <div class=\"u-container-style u-layout-cell u-size-28-md u-size-28-sm u-size-28-xs u-size-35-lg u-size-35-xl u-layout-cell-2\" data-animation-name=\"customAnimationIn\" data-animation-duration=\"2000\">\n                    <div class=\"u-container-layout u-valign-top-sm u-valign-top-xs u-container-layout-2\">\n                      <div class=\"u-expanded-width u-gallery u-layout-grid u-lightbox u-show-text-none u-gallery-1\">\n                        <div class=\"u-gallery-inner u-gallery-inner-1\">\n                          <div class=\"u-effect-hover-zoom u-gallery-item u-gallery-item-1\">\n                            <div class=\"u-back-slide u-back-slide-1\" data-image-width=\"707\" data-image-height=\"471\">\n                              <img class=\"u-back-image u-expanded\" src=\"https:\/\/ms-bauelemente-trier.de\/wp-content\/uploads\/2023\/10\/Lamellenpergulaanthrazit.jpg\">\n                            <\/div>\n                            <div class=\"u-over-slide u-shading u-valign-middle u-over-slide-1\"><\/div>\n                          <\/div>\n                          <div class=\"u-effect-hover-zoom u-gallery-item u-gallery-item-2\">\n                            <div class=\"u-back-slide u-back-slide-2\" data-image-width=\"1500\" data-image-height=\"618\">\n                              <img class=\"u-back-image u-expanded\" src=\"https:\/\/ms-bauelemente-trier.de\/wp-content\/uploads\/2023\/10\/Lamellenpergulawei.jpg\">\n                            <\/div>\n                            <div class=\"u-over-slide u-shading u-valign-middle u-over-slide-2\"><\/div>\n                          <\/div>\n                          <div class=\"u-effect-hover-zoom u-gallery-item u-gallery-item-3\">\n                            <div class=\"u-back-slide u-back-slide-3\" data-image-width=\"1350\" data-image-height=\"879\">\n                              <img class=\"u-back-image u-expanded\" src=\"https:\/\/ms-bauelemente-trier.de\/wp-content\/uploads\/2023\/10\/Terrassenueberdachung-6.jpg\">\n                            <\/div>\n                            <div class=\"u-over-slide u-shading u-valign-middle u-over-slide-3\"><\/div>\n                          <\/div>\n                          <div class=\"u-effect-hover-zoom u-gallery-item u-gallery-item-4\">\n                            <div class=\"u-back-slide u-back-slide-4\" data-image-width=\"1788\" data-image-height=\"922\">\n                              <img class=\"u-back-image u-expanded\" src=\"https:\/\/ms-bauelemente-trier.de\/wp-content\/uploads\/2023\/10\/MSBauelemente-Bild11.png\">\n                            <\/div>\n                            <div class=\"u-over-slide u-shading u-valign-middle u-over-slide-4\"><\/div>\n                          <\/div>\n                        <\/div>\n                      <\/div>\n                    <\/div>\n                  <\/div>\n                <\/div>\n              <\/div>\n            <\/div>\n          <\/div>\n        <\/div>\n      <\/div>\n    <\/section>\n    <section class=\"u-clearfix u-section-4\" id=\"sec-02f1\">\n      <div class=\"u-clearfix u-sheet u-valign-middle-lg u-valign-middle-sm u-valign-middle-xl u-valign-middle-xs u-sheet-1\">\n        <div class=\"u-container-style u-expanded-width u-group u-image u-image-1\" data-image-width=\"1200\" data-image-height=\"800\" data-animation-name=\"customAnimationIn\" data-animation-duration=\"2000\" style=\"background-image: url(&quot;https:\/\/ms-bauelemente-trier.de\/wp-content\/uploads\/2023\/10\/Lamellenpergola-2.jpg&quot;);\">\n          <div class=\"u-container-layout u-valign-bottom u-container-layout-1\">\n            <div class=\"infinite u-container-style u-custom-color-1 u-group u-opacity u-opacity-50 u-shape-rectangle u-group-2\" data-animation-name=\"pulse\" data-animation-duration=\"2000\" data-animation-direction=\"\">\n              <div class=\"u-container-layout u-valign-middle-lg u-valign-middle-md u-valign-middle-sm u-valign-middle-xl u-container-layout-2\">\n                <h3 class=\"u-align-left u-text u-text-white u-text-1\">\u00dcBERDACHEN SIE IHRE TERRASSE&nbsp;<br>ELEGANT UND STILVOLL \n                <\/h3>\n                <p class=\"u-align-right u-text u-text-default u-text-white u-text-2\">\n                  <a class=\"u-active-none u-border-none u-btn u-button-link u-button-style u-hover-none u-none u-text-hover-palette-3-light-1 u-text-white u-btn-1\" href=\"https:\/\/ms-bauelemente-trier.de\/?page_id=238\">ZUM BERATUNGSGESPR\u00c4CH&nbsp;&nbsp;<span class=\"u-file-icon u-icon u-text-white u-icon-1\"><img src=\"https:\/\/ms-bauelemente-trier.de\/wp-content\/uploads\/2023\/10\/65a84705.png\" alt=\"\"><\/span>&nbsp; \n                  <\/a>\n                <\/p>\n              <\/div>\n            <\/div>\n          <\/div>\n        <\/div>\n      <\/div>\n    <\/section>\n    <section class=\"u-align-center u-clearfix u-section-5\" id=\"carousel_2da6\">\n      <div class=\"u-clearfix u-sheet u-valign-middle u-sheet-1\">\n        <div class=\"data-layout-selected u-clearfix u-expanded-width u-layout-wrap u-layout-wrap-1\" data-animation-name=\"customAnimationIn\" data-animation-duration=\"2000\">\n          <div class=\"u-layout\">\n            <div class=\"u-layout-col\">\n              <div class=\"u-size-60\">\n                <div class=\"u-layout-row\">\n                  <div class=\"u-container-style u-layout-cell u-size-26-md u-size-26-sm u-size-26-xs u-size-34-lg u-size-35-xl u-layout-cell-1\" data-animation-name=\"customAnimationIn\" data-animation-duration=\"2000\">\n                    <div class=\"u-container-layout u-valign-middle-lg u-valign-middle-md u-valign-middle-xl u-container-layout-1\">\n                      <div class=\"u-expanded-width u-gallery u-layout-grid u-lightbox u-show-text-none u-gallery-1\">\n                        <div class=\"u-gallery-inner u-gallery-inner-1\">\n                          <div class=\"u-effect-hover-zoom u-gallery-item u-gallery-item-1\">\n                            <div class=\"u-back-slide u-back-slide-1\" data-image-width=\"1636\" data-image-height=\"1078\">\n                              <img class=\"u-back-image u-expanded\" src=\"https:\/\/ms-bauelemente-trier.de\/wp-content\/uploads\/2023\/10\/Faltpergola2.jpg\">\n                            <\/div>\n                            <div class=\"u-over-slide u-shading u-valign-middle u-over-slide-1\"><\/div>\n                          <\/div>\n                          <div class=\"u-effect-hover-zoom u-gallery-item u-gallery-item-2\">\n                            <div class=\"u-back-slide u-back-slide-2\" data-image-width=\"1300\" data-image-height=\"850\">\n                              <img class=\"u-back-image u-expanded\" src=\"https:\/\/ms-bauelemente-trier.de\/wp-content\/uploads\/2023\/10\/Faltpergola1.jpg\">\n                            <\/div>\n                            <div class=\"u-over-slide u-shading u-valign-middle u-over-slide-2\"><\/div>\n                          <\/div>\n                          <div class=\"u-effect-hover-zoom u-gallery-item u-gallery-item-3\">\n                            <div class=\"u-back-slide u-back-slide-3\" data-image-width=\"1352\" data-image-height=\"1090\">\n                              <img class=\"u-back-image u-expanded\" src=\"https:\/\/ms-bauelemente-trier.de\/wp-content\/uploads\/2023\/10\/Faltpergola4.jpg\">\n                            <\/div>\n                            <div class=\"u-over-slide u-shading u-valign-middle u-over-slide-3\"><\/div>\n                          <\/div>\n                          <div class=\"u-effect-hover-zoom u-gallery-item u-gallery-item-4\">\n                            <div class=\"u-back-slide u-back-slide-4\" data-image-width=\"2560\" data-image-height=\"1704\">\n                              <img class=\"u-back-image u-expanded\" src=\"https:\/\/ms-bauelemente-trier.de\/wp-content\/uploads\/2023\/10\/Faltpergola3.jpg\">\n                            <\/div>\n                            <div class=\"u-over-slide u-shading u-valign-middle u-over-slide-4\"><\/div>\n                          <\/div>\n                        <\/div>\n                      <\/div>\n                    <\/div>\n                  <\/div>\n                  <div class=\"u-container-style u-layout-cell u-size-25-xl u-size-26-lg u-size-34-md u-size-34-sm u-size-34-xs u-layout-cell-2\">\n                    <div class=\"u-container-layout u-valign-middle-lg u-valign-middle-xl u-container-layout-2\">\n                      <p class=\"u-text u-text-default u-text-1\">\n                        <span style=\"font-weight: 700;\">Mode ist verg\u00e4nglich, Stil jedoch nicht.&nbsp;<\/span>\n                        <br>\n                        <br>Wahres kunstvolles Design ist und bleibt immer aktuell und gefragt. Das schlichte und effiziente Design zeugt von einer kompromisslosen Hochwertigkeit, die geschaffen wurde, um allen Widrigkeiten des Lebens zu trotzen und ein langj\u00e4hriger treuer Wegbegleiter zu sein.&nbsp;<br>\n                        <br>Die Faltpergola ist ideal f\u00fcr eine 365-t\u00e4gige Nutzung im Freien, da ihre&nbsp;Oberfl\u00e4che&nbsp;widerstandsf\u00e4hig und wetterbest\u00e4ndig ist, sowohl Sonne, Regen und Wind k\u00f6nnen ihr nichts anhaben. Das&nbsp;Faltdach&nbsp;ist durch sein spezielles PVC-Gewebe gegen&nbsp;Regeneinwirkungen&nbsp;gesch\u00fctzt und kann ganz bequem \u00fcber einen Handsender ein- oder ausgefahren werden.&nbsp;<br>\n                        <br>Au\u00dferdem erm\u00f6glicht die Bauweise, dass bei einer Breite von weniger als 4,50 m kein Quertr\u00e4ger vonn\u00f6ten ist, wodurch man nach vorn hinaus eine ungehinderte freie Sicht hat, um sich an der Natur zu erfreuen.&nbsp; \n                      <\/p>\n                    <\/div>\n                  <\/div>\n                <\/div>\n              <\/div>\n            <\/div>\n          <\/div>\n        <\/div>\n      <\/div>\n    <\/section>\n    <section class=\"u-clearfix u-container-align-center u-image u-section-6\" id=\"sec-5d8f\" data-image-width=\"2473\" data-image-height=\"74\" style=\"background-image: url(&quot;https:\/\/ms-bauelemente-trier.de\/wp-content\/uploads\/2023\/10\/MSBauelementeStreifen.png&quot;);\">\n      <div class=\"u-clearfix u-sheet u-sheet-1\"><\/div>\n    <\/section>\n    \n    \n    \n    \n  \n<\/div>","protected":false},"excerpt":{"rendered":"<p>Lamellen- und Faltpergola Innovativ&nbsp; |&nbsp; Vielf\u00e4ltig&nbsp; |&nbsp; Individuell Wenn es um die Frage geht, welche Art von&nbsp;Terrassen\u00fcberdachung&nbsp;die Fotogenste ist und die beste Vorlage f\u00fcr Bilder liefert, dann lautet die Antwort in den meisten F\u00e4llen&nbsp;Lamellenpergola.&nbsp; Wie steht es aber mit der Frage, ob sie neben ihrem eleganten Design auch eine gute Funktion bieten kann? Diese kann&hellip; <a class=\"more-link\" href=\"https:\/\/ms-bauelemente-trier.de\/?page_id=244\"><span class=\"screen-reader-text\">Pergolas<\/span> weiterlesen<\/a><\/p>\n","protected":false},"author":1,"featured_media":0,"parent":0,"menu_order":11,"comment_status":"closed","ping_status":"closed","template":"","meta":{"footnotes":""},"_links":{"self":[{"href":"https:\/\/ms-bauelemente-trier.de\/index.php?rest_route=\/wp\/v2\/pages\/244"}],"collection":[{"href":"https:\/\/ms-bauelemente-trier.de\/index.php?rest_route=\/wp\/v2\/pages"}],"about":[{"href":"https:\/\/ms-bauelemente-trier.de\/index.php?rest_route=\/wp\/v2\/types\/page"}],"author":[{"embeddable":true,"href":"https:\/\/ms-bauelemente-trier.de\/index.php?rest_route=\/wp\/v2\/users\/1"}],"replies":[{"embeddable":true,"href":"https:\/\/ms-bauelemente-trier.de\/index.php?rest_route=%2Fwp%2Fv2%2Fcomments&post=244"}],"version-history":[{"count":4,"href":"https:\/\/ms-bauelemente-trier.de\/index.php?rest_route=\/wp\/v2\/pages\/244\/revisions"}],"predecessor-version":[{"id":430,"href":"https:\/\/ms-bauelemente-trier.de\/index.php?rest_route=\/wp\/v2\/pages\/244\/revisions\/430"}],"wp:attachment":[{"href":"https:\/\/ms-bauelemente-trier.de\/index.php?rest_route=%2Fwp%2Fv2%2Fmedia&parent=244"}],"curies":[{"name":"wp","href":"https:\/\/api.w.org\/{rel}","templated":true}]}}